{"id":2,"date":"2016-05-10T03:48:21","date_gmt":"2016-05-10T03:48:21","guid":{"rendered":"http:\/\/doczi.co.rs\/?page_id=2"},"modified":"2022-11-22T22:06:58","modified_gmt":"2022-11-22T22:06:58","slug":"sample-page","status":"publish","type":"page","link":"https:\/\/doczi.co.rs\/?page_id=2","title":{"rendered":"O Nama"},"content":{"rendered":"<p><span data-offset-key=\"9cebh-0-0\">\u201eMDM-DOCZI\u201c-metaloprera\u0111iva\u010dka delatnost i ma\u0161inogradnja Doczi I\u0161tvan sa sedi\u0161tem u adi \u2013 je privatno porodi\u010dno preduze\u0107e, koja je osnovana 1970.godine i od tada neprestano radi, uprkos te\u0161ko\u0107ama. Zahvaljulju\u0107i korenima, stru\u010dnosti i ambicije raspola\u017eemo sa velikom iskustvom na polju dubokog izvla\u010denja lima na presama kao i na \u201espinning\u201c ma\u0161ini. Pored raznih kotli\u0107a i nogara u na\u0161em proizvodnom programu su i gorionici na gas, razli\u010ditog oblika i snage.<\/span><\/p>\n","protected":false},"excerpt":{"rendered":"<p>\u201eMDM-DOCZI\u201c-metaloprera\u0111iva\u010dka delatnost i ma\u0161inogradnja Doczi I\u0161tvan sa sedi\u0161tem u adi \u2013 je privatno porodi\u010dno preduze\u0107e, koja je osnovana 1970.godine i&hellip;<\/p>\n","protected":false},"author":1,"featured_media":127,"parent":0,"menu_order":0,"comment_status":"closed","ping_status":"closed","template":"","meta":{"footnotes":""},"class_list":["post-2","page","type-page","status-publish","has-post-thumbnail","hentry"],"_links":{"self":[{"href":"https:\/\/doczi.co.rs\/index.php?rest_route=\/wp\/v2\/pages\/2","targetHints":{"allow":["GET"]}}],"collection":[{"href":"https:\/\/doczi.co.rs\/index.php?rest_route=\/wp\/v2\/pages"}],"about":[{"href":"https:\/\/doczi.co.rs\/index.php?rest_route=\/wp\/v2\/types\/page"}],"author":[{"embeddable":true,"href":"https:\/\/doczi.co.rs\/index.php?rest_route=\/wp\/v2\/users\/1"}],"replies":[{"embeddable":true,"href":"https:\/\/doczi.co.rs\/index.php?rest_route=%2Fwp%2Fv2%2Fcomments&post=2"}],"version-history":[{"count":3,"href":"https:\/\/doczi.co.rs\/index.php?rest_route=\/wp\/v2\/pages\/2\/revisions"}],"predecessor-version":[{"id":116,"href":"https:\/\/doczi.co.rs\/index.php?rest_route=\/wp\/v2\/pages\/2\/revisions\/116"}],"wp:featuredmedia":[{"embeddable":true,"href":"https:\/\/doczi.co.rs\/index.php?rest_route=\/wp\/v2\/media\/127"}],"wp:attachment":[{"href":"https:\/\/doczi.co.rs\/index.php?rest_route=%2Fwp%2Fv2%2Fmedia&parent=2"}],"curies":[{"name":"wp","href":"https:\/\/api.w.org\/{rel}","templated":true}]}}